{"id":2175,"date":"2021-09-15T23:06:03","date_gmt":"2021-09-15T23:06:03","guid":{"rendered":"http:\/\/lallavemaestra.com.es\/?post_type=product&#038;p=2175"},"modified":"2023-04-18T18:07:13","modified_gmt":"2023-04-18T21:07:13","slug":"la-llave-maestra-10-anos-de-creatividad-ingenio-y-poesia-visual","status":"publish","type":"product","link":"https:\/\/lallavemaestra.com.es\/en\/producto\/la-llave-maestra-10-anos-de-creatividad-ingenio-y-poesia-visual\/","title":{"rendered":"(Espa\u00f1ol) Libro &#8220;La LLave Maestra, 10 a\u00f1os de Creatividad, ingenio y poes\u00eda visual\u201d"},"content":{"rendered":"<p class=\"qtranxs-available-languages-message qtranxs-available-languages-message-en\">Sorry, this entry is only available in <a href=\"https:\/\/lallavemaestra.com.es\/es\/wp-json\/wp\/v2\/product\/2175\" class=\"qtranxs-available-language-link qtranxs-available-language-link-es\" title=\"Espa\u00f1ol\">Espa\u00f1ol<\/a>.<\/p>","protected":false},"excerpt":{"rendered":"<p class=\"qtranxs-available-languages-message qtranxs-available-languages-message-en\">Sorry, this entry is only available in <a href=\"https:\/\/lallavemaestra.com.es\/es\/wp-json\/wp\/v2\/product\/2175\" class=\"qtranxs-available-language-link qtranxs-available-language-link-es\" title=\"Espa\u00f1ol\">Espa\u00f1ol<\/a>.<\/p>\n","protected":false},"featured_media":23405,"template":"","meta":[],"product_brand":[],"product_cat":[],"product_tag":[],"class_list":{"0":"post-2175","1":"product","2":"type-product","3":"status-publish","4":"has-post-thumbnail","7":"first","8":"instock","9":"taxable","10":"shipping-taxable","11":"purchasable","12":"product-type-simple","13":"pofo-product-3col"},"_links":{"self":[{"href":"https:\/\/lallavemaestra.com.es\/en\/wp-json\/wp\/v2\/product\/2175","targetHints":{"allow":["GET"]}}],"collection":[{"href":"https:\/\/lallavemaestra.com.es\/en\/wp-json\/wp\/v2\/product"}],"about":[{"href":"https:\/\/lallavemaestra.com.es\/en\/wp-json\/wp\/v2\/types\/product"}],"wp:featuredmedia":[{"embeddable":true,"href":"https:\/\/lallavemaestra.com.es\/en\/wp-json\/wp\/v2\/media\/23405"}],"wp:attachment":[{"href":"https:\/\/lallavemaestra.com.es\/en\/wp-json\/wp\/v2\/media?parent=2175"}],"wp:term":[{"taxonomy":"product_brand","embeddable":true,"href":"https:\/\/lallavemaestra.com.es\/en\/wp-json\/wp\/v2\/product_brand?post=2175"},{"taxonomy":"product_cat","embeddable":true,"href":"https:\/\/lallavemaestra.com.es\/en\/wp-json\/wp\/v2\/product_cat?post=2175"},{"taxonomy":"product_tag","embeddable":true,"href":"https:\/\/lallavemaestra.com.es\/en\/wp-json\/wp\/v2\/product_tag?post=2175"}],"curies":[{"name":"wp","href":"https:\/\/api.w.org\/{rel}","templated":true}]}}