{"id":22099,"date":"2017-04-03T05:42:04","date_gmt":"2017-04-03T05:42:04","guid":{"rendered":"https:\/\/pofo.themezaa.com\/?page_id=369"},"modified":"2024-07-12T22:33:52","modified_gmt":"2024-07-13T01:33:52","slug":"integrantes","status":"publish","type":"page","link":"https:\/\/lallavemaestra.com.es\/en\/integrantes\/","title":{"rendered":"Members"},"content":{"rendered":"<div class=\"wpb-content-wrapper\"><p><section data-vc-full-width=\"true\" data-vc-full-width-init=\"false\" class=\"vc_row wpb_row vc_row-fluid   wow fadeIn pofo-stretch-content pofo-stretch-row-container\"><div class=\"wpb_column vc_column_container vc_col-sm-12  col-xs-mobile-fullwidth text-center\"><div class=\"vc_column-inner \"><div class=\"wpb_wrapper\"><div class=\"vc_row wpb_row vc_inner vc_row-fluid\"><div class=\"wpb_column vc_column_container vc_col-sm-12  col-xs-mobile-fullwidth text-left\"><div class=\"vc_column-inner \"><div class=\"wpb_wrapper\">[vc_empty_space]<span class=\"text-extra-large margin-25px-bottom display-block alt-font text-uppercase heading-style3  heading-3\" >Directors<\/span><\/div><\/div><\/div><\/div><div class=\"vc_row wpb_row vc_inner vc_row-fluid   position-relative\"><div class=\"wpb_column vc_column_container vc_col-sm-4 vc_col-md-4 col-xs-mobile-fullwidth wow fadeInUp text-center pofo-column-responsive-69d77a0247f41\"><div class=\"vc_column-inner \"><div class=\"wpb_wrapper\"><div class=\"team-1 team-block team-style-1 team1-0\"><figure><div class=\"team-image xs-width-100\"><img loading=\"lazy\" decoding=\"async\" src=\"https:\/\/lallavemaestra.com.es\/wp-content\/uploads\/2023\/05\/edurnerankin.jpg\" width=\"800\" height=\"800\"  alt=\"\" srcset=\"https:\/\/lallavemaestra.com.es\/wp-content\/uploads\/2023\/05\/edurnerankin.jpg 800w, https:\/\/lallavemaestra.com.es\/wp-content\/uploads\/2023\/05\/edurnerankin-300x300.jpg 300w, https:\/\/lallavemaestra.com.es\/wp-content\/uploads\/2023\/05\/edurnerankin-150x150.jpg 150w, https:\/\/lallavemaestra.com.es\/wp-content\/uploads\/2023\/05\/edurnerankin-768x768.jpg 768w, https:\/\/lallavemaestra.com.es\/wp-content\/uploads\/2023\/05\/edurnerankin-771x771.jpg 771w, https:\/\/lallavemaestra.com.es\/wp-content\/uploads\/2023\/05\/edurnerankin-120x120.jpg 120w, https:\/\/lallavemaestra.com.es\/wp-content\/uploads\/2023\/05\/edurnerankin-81x81.jpg 81w, https:\/\/lallavemaestra.com.es\/wp-content\/uploads\/2023\/05\/edurnerankin-600x600.jpg 600w, https:\/\/lallavemaestra.com.es\/wp-content\/uploads\/2023\/05\/edurnerankin-100x100.jpg 100w\" sizes=\"auto, (max-width: 800px) 100vw, 800px\" \/><div class=\"overlay-content text-center \"><div class=\"display-table height-100 width-100\"><div class=\"display-table-cell icon-social-small vertical-align-middle \"><\/div><\/div><\/div><div class=\"team-overlay bg-deep-pink opacity8\" ><\/div><\/div><figcaption><div class=\"team-member-position margin-20px-top\"><div class=\"font-weight-500 text-extra-dark-gray text-uppercase text-small\"><a class=\"team-title-link section-link\" href=\"http:\/\/lallavemaestra.com.es\/edurne-rankin-garcia\/\">Edurne Rankin Garc\u00eda<\/a><\/div><div class=\"text-extra-small text-medium-gray text-uppercase\">Actr\u00edz, directora, dramaturga y dise\u00f1adora de vestuario.<\/div><\/div><\/figcaption><\/figure><\/div><\/div><\/div><\/div><div class=\"wpb_column vc_column_container vc_col-sm-4 vc_col-md-4 col-xs-mobile-fullwidth wow fadeInUp text-center pofo-column-responsive-69d77a02480f8\" data-wow-delay= 200ms><div class=\"vc_column-inner \"><div class=\"wpb_wrapper\"><div class=\"team-1 team-block team-style-1 team1-0\"><figure><div class=\"team-image xs-width-100\"><img loading=\"lazy\" decoding=\"async\" src=\"https:\/\/lallavemaestra.com.es\/wp-content\/uploads\/2023\/03\/alvaro-moralesII.jpg\" width=\"800\" height=\"800\"  alt=\"\" srcset=\"https:\/\/lallavemaestra.com.es\/wp-content\/uploads\/2023\/03\/alvaro-moralesII.jpg 800w, https:\/\/lallavemaestra.com.es\/wp-content\/uploads\/2023\/03\/alvaro-moralesII-300x300.jpg 300w, https:\/\/lallavemaestra.com.es\/wp-content\/uploads\/2023\/03\/alvaro-moralesII-150x150.jpg 150w, https:\/\/lallavemaestra.com.es\/wp-content\/uploads\/2023\/03\/alvaro-moralesII-768x768.jpg 768w, https:\/\/lallavemaestra.com.es\/wp-content\/uploads\/2023\/03\/alvaro-moralesII-771x771.jpg 771w, https:\/\/lallavemaestra.com.es\/wp-content\/uploads\/2023\/03\/alvaro-moralesII-120x120.jpg 120w, https:\/\/lallavemaestra.com.es\/wp-content\/uploads\/2023\/03\/alvaro-moralesII-81x81.jpg 81w, https:\/\/lallavemaestra.com.es\/wp-content\/uploads\/2023\/03\/alvaro-moralesII-600x600.jpg 600w, https:\/\/lallavemaestra.com.es\/wp-content\/uploads\/2023\/03\/alvaro-moralesII-100x100.jpg 100w\" sizes=\"auto, (max-width: 800px) 100vw, 800px\" \/><div class=\"overlay-content text-center \"><div class=\"display-table height-100 width-100\"><div class=\"display-table-cell icon-social-small vertical-align-middle \"><\/div><\/div><\/div><div class=\"team-overlay bg-deep-pink opacity8\" ><\/div><\/div><figcaption><div class=\"team-member-position margin-20px-top\"><div class=\"font-weight-500 text-extra-dark-gray text-uppercase text-small\"><a class=\"team-title-link section-link\" href=\"http:\/\/lallavemaestra.com.es\/alvaro-morales-lifschitz\/\">\u00c1lvaro Morales Lifschitz<\/a><\/div><div class=\"text-extra-small text-medium-gray text-uppercase\">Actor, director, productor y artista visual.<\/div><\/div><\/figcaption><\/figure><\/div><\/div><\/div><\/div><div class=\"wpb_column vc_column_container vc_col-sm-4  col-xs-mobile-fullwidth\"><div class=\"vc_column-inner \"><div class=\"wpb_wrapper\"><\/div><\/div><\/div><\/div><\/div><\/div><\/div><\/section><div class=\"vc_row-full-width vc_clearfix\"><\/div><section data-vc-full-width=\"true\" data-vc-full-width-init=\"false\" class=\"vc_row wpb_row vc_row-fluid  vc_custom_1503909988214 wow fadeIn vc_row-has-fill pofo-stretch-content pofo-stretch-row-container\"><div class=\"wpb_column vc_column_container vc_col-sm-12  col-xs-mobile-fullwidth\"><div class=\"vc_column-inner \"><div class=\"wpb_wrapper\"><span class=\"text-extra-large margin-25px-bottom display-block alt-font text-uppercase heading-style3  heading-4\" >Members<\/span><div class=\"vc_row wpb_row vc_inner vc_row-fluid   position-relative\"><div class=\"wpb_column vc_column_container vc_col-sm-4 vc_col-md-4 col-xs-mobile-fullwidth wow fadeInUp text-center pofo-column-responsive-69d77a02483c3\"><div class=\"vc_column-inner \"><div class=\"wpb_wrapper\"><div class=\"team-1 team-block team-style-1 team1-0\"><figure><div class=\"team-image xs-width-100\"><img loading=\"lazy\" decoding=\"async\" src=\"https:\/\/lallavemaestra.com.es\/wp-content\/uploads\/2023\/03\/Gorka-PastorII.jpg\" width=\"800\" height=\"800\"  alt=\"\" srcset=\"https:\/\/lallavemaestra.com.es\/wp-content\/uploads\/2023\/03\/Gorka-PastorII.jpg 800w, https:\/\/lallavemaestra.com.es\/wp-content\/uploads\/2023\/03\/Gorka-PastorII-300x300.jpg 300w, https:\/\/lallavemaestra.com.es\/wp-content\/uploads\/2023\/03\/Gorka-PastorII-150x150.jpg 150w, https:\/\/lallavemaestra.com.es\/wp-content\/uploads\/2023\/03\/Gorka-PastorII-768x768.jpg 768w, https:\/\/lallavemaestra.com.es\/wp-content\/uploads\/2023\/03\/Gorka-PastorII-771x771.jpg 771w, https:\/\/lallavemaestra.com.es\/wp-content\/uploads\/2023\/03\/Gorka-PastorII-120x120.jpg 120w, https:\/\/lallavemaestra.com.es\/wp-content\/uploads\/2023\/03\/Gorka-PastorII-81x81.jpg 81w, https:\/\/lallavemaestra.com.es\/wp-content\/uploads\/2023\/03\/Gorka-PastorII-600x600.jpg 600w, https:\/\/lallavemaestra.com.es\/wp-content\/uploads\/2023\/03\/Gorka-PastorII-100x100.jpg 100w\" sizes=\"auto, (max-width: 800px) 100vw, 800px\" \/><div class=\"overlay-content text-center \"><div class=\"display-table height-100 width-100\"><div class=\"display-table-cell icon-social-small vertical-align-middle \"><\/div><\/div><\/div><div class=\"team-overlay bg-deep-pink opacity8\" ><\/div><\/div><figcaption><div class=\"team-member-position margin-20px-top\"><div class=\"font-weight-500 text-extra-dark-gray text-uppercase text-small\"><a class=\"team-title-link section-link\" href=\"http:\/\/lallavemaestra.com.es\/gorka-pastor\/\">Gorka Pastor<\/a><\/div><div class=\"text-extra-small text-medium-gray text-uppercase\">Compositor musical<\/div><\/div><\/figcaption><\/figure><\/div><\/div><\/div><\/div><div class=\"wpb_column vc_column_container vc_col-sm-4 vc_col-md-4 col-xs-mobile-fullwidth wow fadeInUp text-center pofo-column-responsive-69d77a024856f\"><div class=\"vc_column-inner \"><div class=\"wpb_wrapper\"><div class=\"team-1 team-block team-style-1 team1-0\"><figure><div class=\"team-image xs-width-100\"><img loading=\"lazy\" decoding=\"async\" src=\"https:\/\/lallavemaestra.com.es\/wp-content\/uploads\/2024\/07\/diego-1.jpg\" width=\"800\" height=\"800\"  alt=\"\" srcset=\"https:\/\/lallavemaestra.com.es\/wp-content\/uploads\/2024\/07\/diego-1.jpg 800w, https:\/\/lallavemaestra.com.es\/wp-content\/uploads\/2024\/07\/diego-1-300x300.jpg 300w, https:\/\/lallavemaestra.com.es\/wp-content\/uploads\/2024\/07\/diego-1-150x150.jpg 150w, https:\/\/lallavemaestra.com.es\/wp-content\/uploads\/2024\/07\/diego-1-768x768.jpg 768w, https:\/\/lallavemaestra.com.es\/wp-content\/uploads\/2024\/07\/diego-1-771x771.jpg 771w, https:\/\/lallavemaestra.com.es\/wp-content\/uploads\/2024\/07\/diego-1-120x120.jpg 120w, https:\/\/lallavemaestra.com.es\/wp-content\/uploads\/2024\/07\/diego-1-81x81.jpg 81w, https:\/\/lallavemaestra.com.es\/wp-content\/uploads\/2024\/07\/diego-1-600x600.jpg 600w, https:\/\/lallavemaestra.com.es\/wp-content\/uploads\/2024\/07\/diego-1-100x100.jpg 100w\" sizes=\"auto, (max-width: 800px) 100vw, 800px\" \/><div class=\"overlay-content text-center \"><div class=\"display-table height-100 width-100\"><div class=\"display-table-cell icon-social-small vertical-align-middle \"><\/div><\/div><\/div><div class=\"team-overlay bg-deep-pink opacity8\" ><\/div><\/div><figcaption><div class=\"team-member-position margin-20px-top\"><div class=\"font-weight-500 text-extra-dark-gray text-uppercase text-small\"><a class=\"team-title-link section-link\" href=\"http:\/\/lallavemaestra.com.es\/en\/diego-acuna-gomez\/\">Diego Acu\u00f1a G\u00f3mez<\/a><\/div><div class=\"text-extra-small text-medium-gray text-uppercase\">Actor<\/div><\/div><\/figcaption><\/figure><\/div><\/div><\/div><\/div><div class=\"wpb_column vc_column_container vc_col-sm-4  col-xs-mobile-fullwidth text-center\"><div class=\"vc_column-inner \"><div class=\"wpb_wrapper\"><div class=\"team-1 team-block team-style-1 team1-0\"><figure><div class=\"team-image xs-width-100\"><img loading=\"lazy\" decoding=\"async\" src=\"https:\/\/lallavemaestra.com.es\/wp-content\/uploads\/2023\/03\/MARCELA-BURGOSII.jpg\" width=\"800\" height=\"800\"  alt=\"\" srcset=\"https:\/\/lallavemaestra.com.es\/wp-content\/uploads\/2023\/03\/MARCELA-BURGOSII.jpg 800w, https:\/\/lallavemaestra.com.es\/wp-content\/uploads\/2023\/03\/MARCELA-BURGOSII-300x300.jpg 300w, https:\/\/lallavemaestra.com.es\/wp-content\/uploads\/2023\/03\/MARCELA-BURGOSII-150x150.jpg 150w, https:\/\/lallavemaestra.com.es\/wp-content\/uploads\/2023\/03\/MARCELA-BURGOSII-768x768.jpg 768w, https:\/\/lallavemaestra.com.es\/wp-content\/uploads\/2023\/03\/MARCELA-BURGOSII-771x771.jpg 771w, https:\/\/lallavemaestra.com.es\/wp-content\/uploads\/2023\/03\/MARCELA-BURGOSII-120x120.jpg 120w, https:\/\/lallavemaestra.com.es\/wp-content\/uploads\/2023\/03\/MARCELA-BURGOSII-81x81.jpg 81w, https:\/\/lallavemaestra.com.es\/wp-content\/uploads\/2023\/03\/MARCELA-BURGOSII-600x600.jpg 600w, https:\/\/lallavemaestra.com.es\/wp-content\/uploads\/2023\/03\/MARCELA-BURGOSII-100x100.jpg 100w\" sizes=\"auto, (max-width: 800px) 100vw, 800px\" \/><div class=\"overlay-content \"><div class=\"display-table height-100 width-100\"><div class=\"display-table-cell icon-social-small vertical-align-middle \"><\/div><\/div><\/div><div class=\"team-overlay bg-deep-pink opacity8\" ><\/div><\/div><figcaption><div class=\"team-member-position margin-20px-top\"><div class=\"font-weight-500 text-extra-dark-gray text-uppercase text-small\"><a class=\"team-title-link section-link\" href=\"http:\/\/lallavemaestra.com.es\/marcela-de-lourdes-burgos\">Marcela de Lourdes Burgos<\/a><\/div><div class=\"text-extra-small text-medium-gray text-uppercase\">Actriz<\/div><\/div><\/figcaption><\/figure><\/div><\/div><\/div><\/div><\/div><div class=\"vc_row wpb_row vc_inner vc_row-fluid   position-relative\"><div class=\"wpb_column vc_column_container vc_col-sm-4 vc_col-md-4 col-xs-mobile-fullwidth wow fadeInUp text-center pofo-column-responsive-69d77a02488aa\"><div class=\"vc_column-inner \"><div class=\"wpb_wrapper\">[vc_empty_space]<div class=\"team-1 team-block team-style-1 team1-0\"><figure><div class=\"team-image xs-width-100\"><img loading=\"lazy\" decoding=\"async\" src=\"https:\/\/lallavemaestra.com.es\/wp-content\/uploads\/2024\/07\/juanpi-neira-1.jpg\" width=\"800\" height=\"800\"  alt=\"\" srcset=\"https:\/\/lallavemaestra.com.es\/wp-content\/uploads\/2024\/07\/juanpi-neira-1.jpg 800w, https:\/\/lallavemaestra.com.es\/wp-content\/uploads\/2024\/07\/juanpi-neira-1-300x300.jpg 300w, https:\/\/lallavemaestra.com.es\/wp-content\/uploads\/2024\/07\/juanpi-neira-1-150x150.jpg 150w, https:\/\/lallavemaestra.com.es\/wp-content\/uploads\/2024\/07\/juanpi-neira-1-768x768.jpg 768w, https:\/\/lallavemaestra.com.es\/wp-content\/uploads\/2024\/07\/juanpi-neira-1-771x771.jpg 771w, https:\/\/lallavemaestra.com.es\/wp-content\/uploads\/2024\/07\/juanpi-neira-1-120x120.jpg 120w, https:\/\/lallavemaestra.com.es\/wp-content\/uploads\/2024\/07\/juanpi-neira-1-81x81.jpg 81w, https:\/\/lallavemaestra.com.es\/wp-content\/uploads\/2024\/07\/juanpi-neira-1-600x600.jpg 600w, https:\/\/lallavemaestra.com.es\/wp-content\/uploads\/2024\/07\/juanpi-neira-1-100x100.jpg 100w\" sizes=\"auto, (max-width: 800px) 100vw, 800px\" \/><div class=\"overlay-content text-center \"><div class=\"display-table height-100 width-100\"><div class=\"display-table-cell icon-social-small vertical-align-middle \"><\/div><\/div><\/div><div class=\"team-overlay bg-deep-pink opacity8\" ><\/div><\/div><figcaption><div class=\"team-member-position margin-20px-top\"><div class=\"font-weight-500 text-extra-dark-gray text-uppercase text-small\"><a class=\"team-title-link section-link\" href=\"http:\/\/lallavemaestra.com.es\/en\/juan-pablo-neira\/\">Juan Pablo Neira<\/a><\/div><div class=\"text-extra-small text-medium-gray text-uppercase\">Actor<\/div><\/div><\/figcaption><\/figure><\/div><\/div><\/div><\/div><div class=\"wpb_column vc_column_container vc_col-sm-4 vc_col-md-4 col-xs-mobile-fullwidth wow fadeInUp text-center pofo-column-responsive-69d77a0248a48\" data-wow-delay= 200ms><div class=\"vc_column-inner \"><div class=\"wpb_wrapper\">[vc_empty_space]<div class=\"team-1 team-block team-style-1 team1-0\"><figure><div class=\"team-image xs-width-100\"><img loading=\"lazy\" decoding=\"async\" src=\"https:\/\/lallavemaestra.com.es\/wp-content\/uploads\/2024\/07\/magdanela.jpg\" width=\"800\" height=\"800\"  alt=\"\" srcset=\"https:\/\/lallavemaestra.com.es\/wp-content\/uploads\/2024\/07\/magdanela.jpg 800w, https:\/\/lallavemaestra.com.es\/wp-content\/uploads\/2024\/07\/magdanela-300x300.jpg 300w, https:\/\/lallavemaestra.com.es\/wp-content\/uploads\/2024\/07\/magdanela-150x150.jpg 150w, https:\/\/lallavemaestra.com.es\/wp-content\/uploads\/2024\/07\/magdanela-768x768.jpg 768w, https:\/\/lallavemaestra.com.es\/wp-content\/uploads\/2024\/07\/magdanela-771x771.jpg 771w, https:\/\/lallavemaestra.com.es\/wp-content\/uploads\/2024\/07\/magdanela-120x120.jpg 120w, https:\/\/lallavemaestra.com.es\/wp-content\/uploads\/2024\/07\/magdanela-81x81.jpg 81w, https:\/\/lallavemaestra.com.es\/wp-content\/uploads\/2024\/07\/magdanela-600x600.jpg 600w, https:\/\/lallavemaestra.com.es\/wp-content\/uploads\/2024\/07\/magdanela-100x100.jpg 100w\" sizes=\"auto, (max-width: 800px) 100vw, 800px\" \/><div class=\"overlay-content text-center \"><div class=\"display-table height-100 width-100\"><div class=\"display-table-cell icon-social-small vertical-align-middle \"><\/div><\/div><\/div><div class=\"team-overlay bg-deep-pink opacity8\" ><\/div><\/div><figcaption><div class=\"team-member-position margin-20px-top\"><div class=\"font-weight-500 text-extra-dark-gray text-uppercase text-small\"><a class=\"team-title-link section-link\" href=\"http:\/\/lallavemaestra.com.es\/en\/magdalena-lecaros\/\">Magdalena Lecaros<\/a><\/div><div class=\"text-extra-small text-medium-gray text-uppercase\">Actriz<\/div><\/div><\/figcaption><\/figure><\/div><\/div><\/div><\/div><div class=\"wpb_column vc_column_container vc_col-sm-4  col-xs-mobile-fullwidth\"><div class=\"vc_column-inner \"><div class=\"wpb_wrapper\"><\/div><\/div><\/div><\/div><\/div><\/div><\/div><\/section><div class=\"vc_row-full-width vc_clearfix\"><\/div><\/p>\n<\/div>","protected":false},"excerpt":{"rendered":"[vc_empty_space]DirectorsEdurne Rankin Garc\u00edaActr\u00edz, directora, dramaturga y dise\u00f1adora de vestuario.\u00c1lvaro Morales LifschitzActor, director, productor y artista visual.MembersGorka PastorCompositor musicalDiego Acu\u00f1a G\u00f3mezActorMarcela de Lourdes BurgosActriz[vc_empty_space]Juan Pablo NeiraActor[vc_empty_space]Magdalena LecarosActriz","protected":false},"author":7,"featured_media":0,"parent":0,"menu_order":0,"comment_status":"closed","ping_status":"closed","template":"","meta":{"footnotes":""},"class_list":["post-22099","page","type-page","status-publish","hentry"],"_links":{"self":[{"href":"https:\/\/lallavemaestra.com.es\/en\/wp-json\/wp\/v2\/pages\/22099","targetHints":{"allow":["GET"]}}],"collection":[{"href":"https:\/\/lallavemaestra.com.es\/en\/wp-json\/wp\/v2\/pages"}],"about":[{"href":"https:\/\/lallavemaestra.com.es\/en\/wp-json\/wp\/v2\/types\/page"}],"author":[{"embeddable":true,"href":"https:\/\/lallavemaestra.com.es\/en\/wp-json\/wp\/v2\/users\/7"}],"replies":[{"embeddable":true,"href":"https:\/\/lallavemaestra.com.es\/en\/wp-json\/wp\/v2\/comments?post=22099"}],"version-history":[{"count":59,"href":"https:\/\/lallavemaestra.com.es\/en\/wp-json\/wp\/v2\/pages\/22099\/revisions"}],"predecessor-version":[{"id":23918,"href":"https:\/\/lallavemaestra.com.es\/en\/wp-json\/wp\/v2\/pages\/22099\/revisions\/23918"}],"wp:attachment":[{"href":"https:\/\/lallavemaestra.com.es\/en\/wp-json\/wp\/v2\/media?parent=22099"}],"curies":[{"name":"wp","href":"https:\/\/api.w.org\/{rel}","templated":true}]}}