{"id":2159,"date":"2021-09-13T23:52:22","date_gmt":"2021-09-13T23:52:22","guid":{"rendered":"http:\/\/lallavemaestra.com.es\/tienda\/"},"modified":"2023-05-11T14:41:42","modified_gmt":"2023-05-11T17:41:43","slug":"tienda","status":"publish","type":"page","link":"https:\/\/lallavemaestra.com.es\/en\/tienda\/","title":{"rendered":"Shop"},"content":{"rendered":"<div class=\"wpb-content-wrapper\"><p>&rdquo;\" rel=\"nofollow\" data-success_message=\"&ldquo;&rdquo; has been added to your cart\" role=\"button\">Add to cart<\/a>\t<span id=\"woocommerce_loop_add_to_cart_link_describedby_2175\" class=\"screen-reader-text\">\n\t\t\t<\/span>\n<div class=\"pofo-rich-snippet display-none\"><span class=\"entry-title\">(Espa\u00f1ol) Libro &#8220;La LLave Maestra, 10 a\u00f1os de Creatividad, ingenio y poes\u00eda visual\u201d<\/span><span class=\"author vcard\"><a class=\"url fn n\" href=\"https:\/\/lallavemaestra.com.es\/en\/author\/bucle_admin\/\">Carlos Ordenes<\/a><\/span><span class=\"published\">Wednesday September 15th, 2021<\/span><time class=\"updated\" datetime=\"2023-04-18T18:07:13+00:00\">Tuesday April 18th, 2023<\/time><\/div><\/li>\n<li class=\"pofo-product-2col product type-product post-2177 status-publish last instock has-post-thumbnail taxable shipping-taxable purchasable product-type-simple\">\n\t<a href=\"https:\/\/lallavemaestra.com.es\/en\/producto\/cd-nomadas\/\" class=\"woocommerce-LoopProduct-link woocommerce-loop-product__link\"><img loading=\"lazy\" decoding=\"async\" width=\"300\" height=\"300\" src=\"https:\/\/lallavemaestra.com.es\/wp-content\/uploads\/2021\/09\/tienda-cd-300x300.jpg\" class=\"attachment-woocommerce_thumbnail size-woocommerce_thumbnail\" alt=\"\" srcset=\"https:\/\/lallavemaestra.com.es\/wp-content\/uploads\/2021\/09\/tienda-cd-300x300.jpg 300w, https:\/\/lallavemaestra.com.es\/wp-content\/uploads\/2021\/09\/tienda-cd-150x150.jpg 150w, https:\/\/lallavemaestra.com.es\/wp-content\/uploads\/2021\/09\/tienda-cd-100x100.jpg 100w\" sizes=\"auto, (max-width: 300px) 100vw, 300px\" \/><h2 class=\"woocommerce-loop-product__title\">(Espa\u00f1ol) CD N\u00f3madas<\/h2>\n\t<span class=\"price\"><span class=\"woocommerce-Price-amount amount\"><bdi><span class=\"woocommerce-Price-currencySymbol\">&#36;<\/span>10.000<\/bdi><\/span><\/span>\n<\/a><a href=\"\/en\/wp-json\/wp\/v2\/pages\/2159?add-to-cart=2177\" aria-describedby=\"woocommerce_loop_add_to_cart_link_describedby_2177\" data-quantity=\"1\" class=\"button product_type_simple add_to_cart_button ajax_add_to_cart\" data-product_id=\"2177\" data-product_sku=\"\" aria-label=\"Add to cart: &ldquo;&rdquo;\" rel=\"nofollow\" data-success_message=\"&ldquo;&rdquo; has been added to your cart\" role=\"button\">Add to cart<\/a>\t<span id=\"woocommerce_loop_add_to_cart_link_describedby_2177\" class=\"screen-reader-text\">\n\t\t\t<\/span>\n<div class=\"pofo-rich-snippet display-none\"><span class=\"entry-title\">(Espa\u00f1ol) CD N\u00f3madas<\/span><span class=\"author vcard\"><a class=\"url fn n\" href=\"https:\/\/lallavemaestra.com.es\/en\/author\/bucle_admin\/\">Carlos Ordenes<\/a><\/span><span class=\"published\">Wednesday September 15th, 2021<\/span><time class=\"updated\" datetime=\"2023-04-18T18:04:02+00:00\">Tuesday April 18th, 2023<\/time><\/div><\/li>\n<\/ul>\n<\/div><\/div><\/div><\/div><div class=\"wpb_column vc_column_container vc_col-sm-2  col-xs-mobile-fullwidth\"><div class=\"vc_column-inner \"><div class=\"wpb_wrapper\"><\/div><\/div><\/div><\/section><section class=\"vc_row wpb_row vc_row-fluid\"><div class=\"wpb_column vc_column_container vc_col-sm-2  col-xs-mobile-fullwidth\"><div class=\"vc_column-inner \"><div class=\"wpb_wrapper\"><\/div><\/div><\/div><div class=\"wpb_column vc_column_container vc_col-sm-8  col-xs-mobile-fullwidth\"><div class=\"vc_column-inner \"><div class=\"wpb_wrapper\">[vc_single_image image=&#8221;23670&#8243; img_size=&#8221;full&#8221; alignment=&#8221;center&#8221; onclick=&#8221;custom_link&#8221; img_link_target=&#8221;_blank&#8221; link=&#8221;http:\/\/lallavemaestra.com.es\/tienda\/&#8221;]<\/div><\/div><\/div><div class=\"wpb_column vc_column_container vc_col-sm-2  col-xs-mobile-fullwidth\"><div class=\"vc_column-inner \"><div class=\"wpb_wrapper\"><\/div><\/div><\/div><\/section><\/p>\n<\/div>","protected":false},"excerpt":{"rendered":"[vc_single_image image=\"23670\" img_size=\"full\" alignment=\"center\" onclick=\"custom_link\" img_link_target=\"_blank\" link=\"http:\/\/lallavemaestra.com.es\/tienda\/\"]","protected":false},"author":7,"featured_media":0,"parent":0,"menu_order":0,"comment_status":"closed","ping_status":"closed","template":"","meta":{"footnotes":""},"class_list":["post-2159","page","type-page","status-publish","hentry"],"_links":{"self":[{"href":"https:\/\/lallavemaestra.com.es\/en\/wp-json\/wp\/v2\/pages\/2159","targetHints":{"allow":["GET"]}}],"collection":[{"href":"https:\/\/lallavemaestra.com.es\/en\/wp-json\/wp\/v2\/pages"}],"about":[{"href":"https:\/\/lallavemaestra.com.es\/en\/wp-json\/wp\/v2\/types\/page"}],"author":[{"embeddable":true,"href":"https:\/\/lallavemaestra.com.es\/en\/wp-json\/wp\/v2\/users\/7"}],"replies":[{"embeddable":true,"href":"https:\/\/lallavemaestra.com.es\/en\/wp-json\/wp\/v2\/comments?post=2159"}],"version-history":[{"count":9,"href":"https:\/\/lallavemaestra.com.es\/en\/wp-json\/wp\/v2\/pages\/2159\/revisions"}],"predecessor-version":[{"id":23672,"href":"https:\/\/lallavemaestra.com.es\/en\/wp-json\/wp\/v2\/pages\/2159\/revisions\/23672"}],"wp:attachment":[{"href":"https:\/\/lallavemaestra.com.es\/en\/wp-json\/wp\/v2\/media?parent=2159"}],"curies":[{"name":"wp","href":"https:\/\/api.w.org\/{rel}","templated":true}]}}