{"id":22541,"date":"2023-03-07T18:14:02","date_gmt":"2023-03-07T21:14:02","guid":{"rendered":"http:\/\/lallavemaestra.com.es\/?page_id=22541"},"modified":"2023-05-09T20:22:29","modified_gmt":"2023-05-09T23:22:29","slug":"gorka-pastor-2","status":"publish","type":"page","link":"http:\/\/lallavemaestra.com.es\/en\/gorka-pastor-2\/","title":{"rendered":"Gorka Pastor"},"content":{"rendered":"<div class=\"wpb-content-wrapper\"><p><section data-vc-full-width=\"true\" data-vc-full-width-init=\"false\" class=\"vc_row wpb_row vc_row-fluid  vc_custom_1503484744378 wow fadeIn vc_row-has-fill pofo-stretch-content pofo-stretch-row-container\"><div class=\"wpb_column vc_column_container vc_col-sm-12 vc_col-lg-5 vc_col-md-5 vc_col-xs-12 wow fadeIn pofo-column-responsive-69e1636bcf3a0\"><div class=\"vc_column-inner \"><div class=\"wpb_wrapper\">[vc_single_image image=&#8221;22477&#8243; img_size=&#8221;full&#8221; alignment=&#8221;center&#8221;]<\/div><\/div><\/div><div class=\"wpb_column vc_column_container vc_col-sm-12 vc_col-lg-6 vc_col-md-offset-1 vc_col-md-6 vc_col-xs-12 wow fadeIn sm-text-center\"><div class=\"vc_column-inner \"><div class=\"wpb_wrapper\"><h5 class=\"text-extra-large margin-25px-bottom display-inline-block alt-font heading-style3  heading-2\" >Gorka Pastor<\/h5><div class=\" vc_custom_1683673100183 last-paragraph-no-margin pofo-text-block-responsive-69e1636bcf41e\"><p>Pianist, arranger and composer born in Pamplona where he studied piano and chamber music.<\/p>\n<p>&#8220;Characterized for being an eclectic musician who has worked with painting, dance, theater, cinema and experimented with all kinds of musical styles, Gorka Pastor continues to dedicate his work to both composition and performance giving concerts with various artists and his own projects.&#8221;<\/p>\n<p>In recent years he has made 9 feature films and 8 short films with different directors obtaining national and international recognition with films such as &#8220;Mendiak 1976&#8221; (Award best mountaineering film and audience award at the BBK mendi film fest), &#8220;Hijos de la tierra&#8221; (Goya Award best documentary short), &#8220;Non dago Mikel&#8221; (Lauaxeta award) or &#8220;Fifty rupees only&#8221; (award best documentary Biznaga de plata).<\/p>\n<p>In the world of theater he has composed the music for all the productions of La llave maestra and for the company Producciones maestras, as well as for several shows with the companies Caracois teatro, Pasadas las 4, In extremis, Escena Miri\u00f1aque and Malabaracirco, as well as accompanying the actor Carmelo G\u00f3mez on the piano reciting Federico Garc\u00eda Lorca.<\/p>\n<p>In relation to dance, he has collaborated with the Kon moci\u00f3n association directed by Becky Siegel, Dantzaz Konpainia, performing the music of some of his choreographies at the Euskadi Symphony Orchestra Headquarters and also in the Musical Fortnight of Donostia 2014.<\/p>\n<p>He has created several musical projects such as THC, Garufa Tango and New Contours. He is currently keyboardist of ZETAK and RAZKIN and collaborates in different bands as arranger and studio keyboardist.<\/p>\n<p>He has accompanied on stage artists such as Carmelo G\u00f3mez, Pello Reparaz, Kai Etxaniz, The Cheese and Road Ensemble, Zura, Amor de Tokyo, Kenedy, Txerigans, Pablo L\u00edquido, Carlos L\u00e1zaro, Pedro Fern\u00e1ndez Razkin, Bel\u00e9n Otxotorena, Koldo Pastor, Seraf\u00edn Zubiri and David Johnstone among others.<\/p>\n<p>In 2017 he edited his own &#8220;M\u00e9todo intuitivo para piano&#8221; published by IlusBooks and distributed in Spain and Latin America, having already sold more than 2,400 units.<\/p>\n<\/div><\/div><\/div><\/div><\/section><div class=\"vc_row-full-width vc_clearfix\"><\/div><\/p>\n<\/div>","protected":false},"excerpt":{"rendered":"[vc_single_image image=\"22477\" img_size=\"full\" alignment=\"center\"]Gorka PastorPianist, arranger and composer born in Pamplona where he studied piano and chamber music. \"Characterized for being an eclectic musician who has worked with painting, dance, theater, cinema and experimented with all kinds of musical styles, Gorka Pastor continues to dedicate his work to both composition and performance giving concerts with various artists and his own projects.\" In recent years he has made 9 feature films and 8 short films with different directors obtaining national and international recognition with films such as \"Mendiak 1976\" (Award best mountaineering film and audience award at the BBK mendi film fest), \"Hijos de la tierra\" (Goya Award best documentary short), \"Non dago Mikel\" (Lauaxeta award) or \"Fifty rupees only\" (award best documentary Biznaga de plata). In the world of theater he has composed the music for all the productions of La llave maestra and for the company Producciones maestras, as well as for several shows with the companies Caracois teatro, Pasadas las 4, In extremis, Escena Miri\u00f1aque and Malabaracirco, as well as accompanying the actor Carmelo G\u00f3mez on the piano reciting Federico Garc\u00eda Lorca. In relation to dance, he has collaborated with the Kon moci\u00f3n association directed by Becky Siegel,...","protected":false},"author":7,"featured_media":0,"parent":0,"menu_order":0,"comment_status":"closed","ping_status":"closed","template":"","meta":{"footnotes":""},"class_list":["post-22541","page","type-page","status-publish","hentry"],"_links":{"self":[{"href":"http:\/\/lallavemaestra.com.es\/en\/wp-json\/wp\/v2\/pages\/22541","targetHints":{"allow":["GET"]}}],"collection":[{"href":"http:\/\/lallavemaestra.com.es\/en\/wp-json\/wp\/v2\/pages"}],"about":[{"href":"http:\/\/lallavemaestra.com.es\/en\/wp-json\/wp\/v2\/types\/page"}],"author":[{"embeddable":true,"href":"http:\/\/lallavemaestra.com.es\/en\/wp-json\/wp\/v2\/users\/7"}],"replies":[{"embeddable":true,"href":"http:\/\/lallavemaestra.com.es\/en\/wp-json\/wp\/v2\/comments?post=22541"}],"version-history":[{"count":5,"href":"http:\/\/lallavemaestra.com.es\/en\/wp-json\/wp\/v2\/pages\/22541\/revisions"}],"predecessor-version":[{"id":23573,"href":"http:\/\/lallavemaestra.com.es\/en\/wp-json\/wp\/v2\/pages\/22541\/revisions\/23573"}],"wp:attachment":[{"href":"http:\/\/lallavemaestra.com.es\/en\/wp-json\/wp\/v2\/media?parent=22541"}],"curies":[{"name":"wp","href":"https:\/\/api.w.org\/{rel}","templated":true}]}}